{"id":358,"date":"2020-10-30T15:13:50","date_gmt":"2020-10-30T15:13:50","guid":{"rendered":"https:\/\/gynecologue-saint-legier.ch\/our-services\/"},"modified":"2022-05-08T16:06:03","modified_gmt":"2022-05-08T16:06:03","slug":"our-services","status":"publish","type":"page","link":"https:\/\/gynecologue-saint-legier.ch\/en\/our-services\/","title":{"rendered":"Our services"},"content":{"rendered":"\t\t<div data-elementor-type=\"wp-page\" data-elementor-id=\"358\" class=\"elementor elementor-358 elementor-146\" data-elementor-post-type=\"page\">\n\t\t\t\t\t\t\t\t\t<section class=\"elementor-section elementor-top-section elementor-element elementor-element-8dc6d50 elementor-section-boxed elementor-section-height-default elementor-section-height-default\" data-id=\"8dc6d50\" data-element_type=\"section\">\n\t\t\t\t\t\t<div class=\"elementor-container elementor-column-gap-default\">\n\t\t\t\t\t<div class=\"elementor-column elementor-col-100 elementor-top-column elementor-element elementor-element-ce2cafb\" data-id=\"ce2cafb\" data-element_type=\"column\">\n\t\t\t<div class=\"elementor-widget-wrap elementor-element-populated\">\n\t\t\t\t\t\t\t\t<div class=\"elementor-element elementor-element-bc31a58 elementor-widget elementor-widget-heading\" data-id=\"bc31a58\" data-element_type=\"widget\" data-widget_type=\"heading.default\">\n\t\t\t\t<div class=\"elementor-widget-container\">\n\t\t\t<h1 class=\"elementor-heading-title elementor-size-default\">Services Provided<\/h1>\t\t<\/div>\n\t\t\t\t<\/div>\n\t\t\t\t<div class=\"elementor-element elementor-element-2c5a031 elementor-widget elementor-widget-text-editor\" data-id=\"2c5a031\" data-element_type=\"widget\" data-widget_type=\"text-editor.default\">\n\t\t\t\t<div class=\"elementor-widget-container\">\n\t\t\t\t\t\t\t<p>All the following topics concerning obstetrics and gynaecology are taken care of\u00a0<\/p><p>in the practice.<br \/>Dr Marzano will refer you to the Region\u2019s hospitals and specialized centres for any pathology that cannot be treated in her practice, after an initial assessment.<\/p>\t\t\t\t\t\t<\/div>\n\t\t\t\t<\/div>\n\t\t\t\t\t<\/div>\n\t\t<\/div>\n\t\t\t\t\t\t\t<\/div>\n\t\t<\/section>\n\t\t\t\t<section class=\"elementor-section elementor-top-section elementor-element elementor-element-336faec elementor-section-boxed elementor-section-height-default elementor-section-height-default\" data-id=\"336faec\" data-element_type=\"section\">\n\t\t\t\t\t\t<div class=\"elementor-container elementor-column-gap-default\">\n\t\t\t\t\t<div class=\"elementor-column elementor-col-50 elementor-top-column elementor-element elementor-element-99c9a6e\" data-id=\"99c9a6e\" data-element_type=\"column\">\n\t\t\t<div class=\"elementor-widget-wrap elementor-element-populated\">\n\t\t\t\t\t\t\t\t<div class=\"elementor-element elementor-element-f252f6f elementor-widget elementor-widget-image\" data-id=\"f252f6f\" data-element_type=\"widget\" data-widget_type=\"image.default\">\n\t\t\t\t<div class=\"elementor-widget-container\">\n\t\t\t\t\t\t\t\t\t\t\t\t\t\t\t<img decoding=\"async\" width=\"540\" height=\"360\" src=\"https:\/\/gynecologue-saint-legier.ch\/wp-content\/uploads\/2020\/10\/prestation-ado-pc.png\" class=\"attachment-large size-large wp-image-72\" alt=\"Gyn\u00e9cologie de l&#039;adolescente\" srcset=\"https:\/\/gynecologue-saint-legier.ch\/wp-content\/uploads\/2020\/10\/prestation-ado-pc.png 540w, https:\/\/gynecologue-saint-legier.ch\/wp-content\/uploads\/2020\/10\/prestation-ado-pc-300x200.png 300w\" sizes=\"(max-width: 540px) 100vw, 540px\" \/>\t\t\t\t\t\t\t\t\t\t\t\t\t\t\t<\/div>\n\t\t\t\t<\/div>\n\t\t\t\t<div class=\"elementor-element elementor-element-ebfd0c9 elementor-widget elementor-widget-toggle\" data-id=\"ebfd0c9\" data-element_type=\"widget\" data-widget_type=\"toggle.default\">\n\t\t\t\t<div class=\"elementor-widget-container\">\n\t\t\t\t\t<div class=\"elementor-toggle\">\n\t\t\t\t\t\t\t<div class=\"elementor-toggle-item\">\n\t\t\t\t\t<div id=\"elementor-tab-title-2471\" class=\"elementor-tab-title\" data-tab=\"1\" role=\"button\" aria-controls=\"elementor-tab-content-2471\" aria-expanded=\"false\">\n\t\t\t\t\t\t\t\t\t\t\t\t<span class=\"elementor-toggle-icon elementor-toggle-icon-right\" aria-hidden=\"true\">\n\t\t\t\t\t\t\t\t\t\t\t\t\t\t\t<span class=\"elementor-toggle-icon-closed\"><i class=\"fas fa-chevron-down\"><\/i><\/span>\n\t\t\t\t\t\t\t\t<span class=\"elementor-toggle-icon-opened\"><i class=\"elementor-toggle-icon-opened fas fa-chevron-up\"><\/i><\/span>\n\t\t\t\t\t\t\t\t\t\t\t\t\t<\/span>\n\t\t\t\t\t\t\t\t\t\t\t\t<a class=\"elementor-toggle-title\" tabindex=\"0\">Adolescence<\/a>\n\t\t\t\t\t<\/div>\n\n\t\t\t\t\t<div id=\"elementor-tab-content-2471\" class=\"elementor-tab-content elementor-clearfix\" data-tab=\"1\" role=\"region\" aria-labelledby=\"elementor-tab-title-2471\"><p>\u2022 Menstrual disorders<br \/>\u2022 Pelvic pain<br \/>\u2022 Contraception advice<br \/>\u2022 Sexuality<br \/>\u2022 Sexually transmitted diseases<br \/>\u2022 Gynaecological and urinary infections<\/p><\/div>\n\t\t\t\t<\/div>\n\t\t\t\t\t\t\t\t<\/div>\n\t\t\t\t<\/div>\n\t\t\t\t<\/div>\n\t\t\t\t\t<\/div>\n\t\t<\/div>\n\t\t\t\t<div class=\"elementor-column elementor-col-50 elementor-top-column elementor-element elementor-element-fec374f\" data-id=\"fec374f\" data-element_type=\"column\">\n\t\t\t<div class=\"elementor-widget-wrap elementor-element-populated\">\n\t\t\t\t\t\t\t\t<div class=\"elementor-element elementor-element-b96148e elementor-widget elementor-widget-image\" data-id=\"b96148e\" data-element_type=\"widget\" data-widget_type=\"image.default\">\n\t\t\t\t<div class=\"elementor-widget-container\">\n\t\t\t\t\t\t\t\t\t\t\t\t\t\t\t<img decoding=\"async\" width=\"540\" height=\"360\" src=\"https:\/\/gynecologue-saint-legier.ch\/wp-content\/uploads\/2020\/10\/prestation-adulte-pc.png.png\" class=\"attachment-full size-full wp-image-73\" alt=\"Gyn\u00e9cologie de la femme adulte\" srcset=\"https:\/\/gynecologue-saint-legier.ch\/wp-content\/uploads\/2020\/10\/prestation-adulte-pc.png.png 540w, https:\/\/gynecologue-saint-legier.ch\/wp-content\/uploads\/2020\/10\/prestation-adulte-pc.png-300x200.png 300w\" sizes=\"(max-width: 540px) 100vw, 540px\" \/>\t\t\t\t\t\t\t\t\t\t\t\t\t\t\t<\/div>\n\t\t\t\t<\/div>\n\t\t\t\t<div class=\"elementor-element elementor-element-8c2d23e elementor-widget elementor-widget-toggle\" data-id=\"8c2d23e\" data-element_type=\"widget\" data-widget_type=\"toggle.default\">\n\t\t\t\t<div class=\"elementor-widget-container\">\n\t\t\t\t\t<div class=\"elementor-toggle\">\n\t\t\t\t\t\t\t<div class=\"elementor-toggle-item\">\n\t\t\t\t\t<div id=\"elementor-tab-title-1461\" class=\"elementor-tab-title\" data-tab=\"1\" role=\"button\" aria-controls=\"elementor-tab-content-1461\" aria-expanded=\"false\">\n\t\t\t\t\t\t\t\t\t\t\t\t<span class=\"elementor-toggle-icon elementor-toggle-icon-right\" aria-hidden=\"true\">\n\t\t\t\t\t\t\t\t\t\t\t\t\t\t\t<span class=\"elementor-toggle-icon-closed\"><i class=\"fas fa-chevron-down\"><\/i><\/span>\n\t\t\t\t\t\t\t\t<span class=\"elementor-toggle-icon-opened\"><i class=\"elementor-toggle-icon-opened fas fa-chevron-up\"><\/i><\/span>\n\t\t\t\t\t\t\t\t\t\t\t\t\t<\/span>\n\t\t\t\t\t\t\t\t\t\t\t\t<a class=\"elementor-toggle-title\" tabindex=\"0\">Adult woman<\/a>\n\t\t\t\t\t<\/div>\n\n\t\t\t\t\t<div id=\"elementor-tab-content-1461\" class=\"elementor-tab-content elementor-clearfix\" data-tab=\"1\" role=\"region\" aria-labelledby=\"elementor-tab-title-1461\"><p>\u2022 Gynecological check-up<br \/>\u2022 Menstrual disorders<br \/>\u2022 Pelvic pain and endometriosis<br \/>\u2022 Diseases of the vulva, vagina, cervix, uterus and ovaries.<br \/>\u2022 Colposcopy<br \/>\u2022 Contraception advice<br \/>\u2022 Sexuality<br \/>\u2022 Infertility<br \/>\u2022 Early menopause<br \/>\u2022 Urinary incontinence<br \/>\u2022 Female genital prolapse<br \/>\u2022 Gynecological and urinary infections<br \/>\u2022 Sexually transmitted infections<\/p><\/div>\n\t\t\t\t<\/div>\n\t\t\t\t\t\t\t\t<\/div>\n\t\t\t\t<\/div>\n\t\t\t\t<\/div>\n\t\t\t\t\t<\/div>\n\t\t<\/div>\n\t\t\t\t\t\t\t<\/div>\n\t\t<\/section>\n\t\t\t\t<section class=\"elementor-section elementor-top-section elementor-element elementor-element-ae32b90 elementor-section-boxed elementor-section-height-default elementor-section-height-default\" data-id=\"ae32b90\" data-element_type=\"section\">\n\t\t\t\t\t\t<div class=\"elementor-container elementor-column-gap-default\">\n\t\t\t\t\t<div class=\"elementor-column elementor-col-50 elementor-top-column elementor-element elementor-element-1cb526e\" data-id=\"1cb526e\" data-element_type=\"column\">\n\t\t\t<div class=\"elementor-widget-wrap elementor-element-populated\">\n\t\t\t\t\t\t\t\t<div class=\"elementor-element elementor-element-e6b2622 elementor-widget elementor-widget-image\" data-id=\"e6b2622\" data-element_type=\"widget\" data-widget_type=\"image.default\">\n\t\t\t\t<div class=\"elementor-widget-container\">\n\t\t\t\t\t\t\t\t\t\t\t\t\t\t\t<img decoding=\"async\" width=\"540\" height=\"360\" src=\"https:\/\/gynecologue-saint-legier.ch\/wp-content\/uploads\/2020\/10\/prestation-grossesse-pc.png.png\" class=\"attachment-full size-full wp-image-74\" alt=\"Gyn\u00e9cologie pour la grossesse\" srcset=\"https:\/\/gynecologue-saint-legier.ch\/wp-content\/uploads\/2020\/10\/prestation-grossesse-pc.png.png 540w, https:\/\/gynecologue-saint-legier.ch\/wp-content\/uploads\/2020\/10\/prestation-grossesse-pc.png-300x200.png 300w\" sizes=\"(max-width: 540px) 100vw, 540px\" \/>\t\t\t\t\t\t\t\t\t\t\t\t\t\t\t<\/div>\n\t\t\t\t<\/div>\n\t\t\t\t<div class=\"elementor-element elementor-element-120a1d5 elementor-widget elementor-widget-toggle\" data-id=\"120a1d5\" data-element_type=\"widget\" data-widget_type=\"toggle.default\">\n\t\t\t\t<div class=\"elementor-widget-container\">\n\t\t\t\t\t<div class=\"elementor-toggle\">\n\t\t\t\t\t\t\t<div class=\"elementor-toggle-item\">\n\t\t\t\t\t<div id=\"elementor-tab-title-1891\" class=\"elementor-tab-title\" data-tab=\"1\" role=\"button\" aria-controls=\"elementor-tab-content-1891\" aria-expanded=\"false\">\n\t\t\t\t\t\t\t\t\t\t\t\t<span class=\"elementor-toggle-icon elementor-toggle-icon-right\" aria-hidden=\"true\">\n\t\t\t\t\t\t\t\t\t\t\t\t\t\t\t<span class=\"elementor-toggle-icon-closed\"><i class=\"fas fa-chevron-down\"><\/i><\/span>\n\t\t\t\t\t\t\t\t<span class=\"elementor-toggle-icon-opened\"><i class=\"elementor-toggle-icon-opened fas fa-chevron-up\"><\/i><\/span>\n\t\t\t\t\t\t\t\t\t\t\t\t\t<\/span>\n\t\t\t\t\t\t\t\t\t\t\t\t<a class=\"elementor-toggle-title\" tabindex=\"0\">Pregnancy<\/a>\n\t\t\t\t\t<\/div>\n\n\t\t\t\t\t<div id=\"elementor-tab-content-1891\" class=\"elementor-tab-content elementor-clearfix\" data-tab=\"1\" role=\"region\" aria-labelledby=\"elementor-tab-title-1891\"><p>\u2022 Monitoring of normal and risk pregnancy<br \/>\u2022 Prenatal screening<br \/>\u2022 Obstetric ultrasound<br \/>\u2022 Miscarriage and repeated miscarriage<br \/>\u2022 Postpartum control<br \/>\u2022 Postpartum contraception<\/p><\/div>\n\t\t\t\t<\/div>\n\t\t\t\t\t\t\t\t<\/div>\n\t\t\t\t<\/div>\n\t\t\t\t<\/div>\n\t\t\t\t\t<\/div>\n\t\t<\/div>\n\t\t\t\t<div class=\"elementor-column elementor-col-50 elementor-top-column elementor-element elementor-element-c19776f\" data-id=\"c19776f\" data-element_type=\"column\">\n\t\t\t<div class=\"elementor-widget-wrap elementor-element-populated\">\n\t\t\t\t\t\t\t\t<div class=\"elementor-element elementor-element-be919c1 elementor-widget elementor-widget-image\" data-id=\"be919c1\" data-element_type=\"widget\" data-widget_type=\"image.default\">\n\t\t\t\t<div class=\"elementor-widget-container\">\n\t\t\t\t\t\t\t\t\t\t\t\t\t\t\t<img decoding=\"async\" width=\"540\" height=\"360\" src=\"https:\/\/gynecologue-saint-legier.ch\/wp-content\/uploads\/2020\/10\/prestation-menopose-pc.png.png\" class=\"attachment-full size-full wp-image-75\" alt=\"gyn\u00e9cologie li\u00e9e \u00e0 la m\u00e9nopause\" srcset=\"https:\/\/gynecologue-saint-legier.ch\/wp-content\/uploads\/2020\/10\/prestation-menopose-pc.png.png 540w, https:\/\/gynecologue-saint-legier.ch\/wp-content\/uploads\/2020\/10\/prestation-menopose-pc.png-300x200.png 300w\" sizes=\"(max-width: 540px) 100vw, 540px\" \/>\t\t\t\t\t\t\t\t\t\t\t\t\t\t\t<\/div>\n\t\t\t\t<\/div>\n\t\t\t\t<div class=\"elementor-element elementor-element-f807f4c elementor-widget elementor-widget-toggle\" data-id=\"f807f4c\" data-element_type=\"widget\" data-widget_type=\"toggle.default\">\n\t\t\t\t<div class=\"elementor-widget-container\">\n\t\t\t\t\t<div class=\"elementor-toggle\">\n\t\t\t\t\t\t\t<div class=\"elementor-toggle-item\">\n\t\t\t\t\t<div id=\"elementor-tab-title-2601\" class=\"elementor-tab-title\" data-tab=\"1\" role=\"button\" aria-controls=\"elementor-tab-content-2601\" aria-expanded=\"false\">\n\t\t\t\t\t\t\t\t\t\t\t\t<span class=\"elementor-toggle-icon elementor-toggle-icon-right\" aria-hidden=\"true\">\n\t\t\t\t\t\t\t\t\t\t\t\t\t\t\t<span class=\"elementor-toggle-icon-closed\"><i class=\"fas fa-chevron-down\"><\/i><\/span>\n\t\t\t\t\t\t\t\t<span class=\"elementor-toggle-icon-opened\"><i class=\"elementor-toggle-icon-opened fas fa-chevron-up\"><\/i><\/span>\n\t\t\t\t\t\t\t\t\t\t\t\t\t<\/span>\n\t\t\t\t\t\t\t\t\t\t\t\t<a class=\"elementor-toggle-title\" tabindex=\"0\">Menopause<\/a>\n\t\t\t\t\t<\/div>\n\n\t\t\t\t\t<div id=\"elementor-tab-content-2601\" class=\"elementor-tab-content elementor-clearfix\" data-tab=\"1\" role=\"region\" aria-labelledby=\"elementor-tab-title-2601\"><p>\u2022 Peri-menopausal disorder<br \/>\u2022 Menopause and hormonal replacement<br \/>\u2022 Gynaecological check-up<br \/>\u2022 Diseases of the vulva, vagina, cervix, uterus and ovaries.<br \/>\u2022 Colposcopy<br \/>\u2022 Sexuality<br \/>\u2022 Urinary incontinence<br \/>\u2022 Female genital prolapse<br \/>\u2022 Gynaecological and urinary infections<br \/>\u2022 Sexually transmitted infections<\/p><\/div>\n\t\t\t\t<\/div>\n\t\t\t\t\t\t\t\t<\/div>\n\t\t\t\t<\/div>\n\t\t\t\t<\/div>\n\t\t\t\t\t<\/div>\n\t\t<\/div>\n\t\t\t\t\t\t\t<\/div>\n\t\t<\/section>\n\t\t\t\t\t\t\t<\/div>\n\t\t","protected":false},"excerpt":{"rendered":"<p>Services Provided All the following topics concerning obstetrics and gynaecology are taken care of\u00a0 in the practice.Dr Marzano will refer you to the Region\u2019s hospitals and specialized centres for any pathology that cannot be treated in her practice, after an initial assessment. Adolescence \u2022 Menstrual disorders\u2022 Pelvic pain\u2022 Contraception advice\u2022 Sexuality\u2022 Sexually transmitted diseases\u2022 Gynaecological&hellip;&nbsp;<a href=\"https:\/\/gynecologue-saint-legier.ch\/en\/our-services\/\" class=\"\" rel=\"bookmark\">Read More &raquo;<span class=\"screen-reader-text\">Our services<\/span><\/a><\/p>\n","protected":false},"author":2,"featured_media":0,"parent":0,"menu_order":0,"comment_status":"closed","ping_status":"closed","template":"page-templates\/template-pagebuilder-full-width.php","meta":{"neve_meta_sidebar":"full-width","neve_meta_container":"","neve_meta_enable_content_width":"on","neve_meta_content_width":100,"neve_meta_title_alignment":"","neve_meta_author_avatar":"","neve_post_elements_order":"","neve_meta_disable_header":"","neve_meta_disable_footer":"","neve_meta_disable_title":"","footnotes":""},"yoast_head":"<!-- This site is optimized with the Yoast SEO plugin v21.1 - https:\/\/yoast.com\/wordpress\/plugins\/seo\/ -->\n<title>Our services - Gynecologue Saint Legier<\/title>\n<meta name=\"robots\" content=\"index, follow, max-snippet:-1, max-image-preview:large, max-video-preview:-1\" \/>\n<link rel=\"canonical\" href=\"https:\/\/gynecologue-saint-legier.ch\/en\/our-services\/\" \/>\n<meta property=\"og:locale\" content=\"en_US\" \/>\n<meta property=\"og:type\" content=\"article\" \/>\n<meta property=\"og:title\" content=\"Our services - Gynecologue Saint Legier\" \/>\n<meta property=\"og:description\" content=\"Services Provided All the following topics concerning obstetrics and gynaecology are taken care of\u00a0 in the practice.Dr Marzano will refer you to the Region\u2019s hospitals and specialized centres for any pathology that cannot be treated in her practice, after an initial assessment. Adolescence \u2022 Menstrual disorders\u2022 Pelvic pain\u2022 Contraception advice\u2022 Sexuality\u2022 Sexually transmitted diseases\u2022 Gynaecological&hellip;&nbsp;Read More &raquo;Our services\" \/>\n<meta property=\"og:url\" content=\"https:\/\/gynecologue-saint-legier.ch\/en\/our-services\/\" \/>\n<meta property=\"og:site_name\" content=\"Gynecologue Saint Legier\" \/>\n<meta property=\"article:modified_time\" content=\"2022-05-08T16:06:03+00:00\" \/>\n<meta property=\"og:image\" content=\"https:\/\/gynecologue-saint-legier.ch\/wp-content\/uploads\/2020\/10\/prestation-ado-pc.png\" \/>\n<meta name=\"twitter:card\" content=\"summary_large_image\" \/>\n<meta name=\"twitter:label1\" content=\"Est. reading time\" \/>\n\t<meta name=\"twitter:data1\" content=\"2 minutes\" \/>\n<script type=\"application\/ld+json\" class=\"yoast-schema-graph\">{\"@context\":\"https:\/\/schema.org\",\"@graph\":[{\"@type\":\"WebPage\",\"@id\":\"https:\/\/gynecologue-saint-legier.ch\/en\/our-services\/\",\"url\":\"https:\/\/gynecologue-saint-legier.ch\/en\/our-services\/\",\"name\":\"Our services - Gynecologue Saint Legier\",\"isPartOf\":{\"@id\":\"https:\/\/gynecologue-saint-legier.ch\/#website\"},\"datePublished\":\"2020-10-30T15:13:50+00:00\",\"dateModified\":\"2022-05-08T16:06:03+00:00\",\"breadcrumb\":{\"@id\":\"https:\/\/gynecologue-saint-legier.ch\/en\/our-services\/#breadcrumb\"},\"inLanguage\":\"en-US\",\"potentialAction\":[{\"@type\":\"ReadAction\",\"target\":[\"https:\/\/gynecologue-saint-legier.ch\/en\/our-services\/\"]}]},{\"@type\":\"BreadcrumbList\",\"@id\":\"https:\/\/gynecologue-saint-legier.ch\/en\/our-services\/#breadcrumb\",\"itemListElement\":[{\"@type\":\"ListItem\",\"position\":1,\"name\":\"Accueil\",\"item\":\"https:\/\/gynecologue-saint-legier.ch\/en\/\"},{\"@type\":\"ListItem\",\"position\":2,\"name\":\"Our services\"}]},{\"@type\":\"WebSite\",\"@id\":\"https:\/\/gynecologue-saint-legier.ch\/#website\",\"url\":\"https:\/\/gynecologue-saint-legier.ch\/\",\"name\":\"Gynecologue Saint Legier\",\"description\":\"Votre cabinet de gyn\u00e9cologie \u00e0 St. Legier La Chi\u00e9saz\",\"publisher\":{\"@id\":\"https:\/\/gynecologue-saint-legier.ch\/#organization\"},\"potentialAction\":[{\"@type\":\"SearchAction\",\"target\":{\"@type\":\"EntryPoint\",\"urlTemplate\":\"https:\/\/gynecologue-saint-legier.ch\/?s={search_term_string}\"},\"query-input\":\"required name=search_term_string\"}],\"inLanguage\":\"en-US\"},{\"@type\":\"Organization\",\"@id\":\"https:\/\/gynecologue-saint-legier.ch\/#organization\",\"name\":\"Gynecologue Saint Legier\",\"url\":\"https:\/\/gynecologue-saint-legier.ch\/\",\"logo\":{\"@type\":\"ImageObject\",\"inLanguage\":\"en-US\",\"@id\":\"https:\/\/gynecologue-saint-legier.ch\/#\/schema\/logo\/image\/\",\"url\":\"https:\/\/gynecologue-saint-legier.ch\/wp-content\/uploads\/2020\/10\/cropped-logo-GSL.png\",\"contentUrl\":\"https:\/\/gynecologue-saint-legier.ch\/wp-content\/uploads\/2020\/10\/cropped-logo-GSL.png\",\"width\":500,\"height\":83,\"caption\":\"Gynecologue Saint Legier\"},\"image\":{\"@id\":\"https:\/\/gynecologue-saint-legier.ch\/#\/schema\/logo\/image\/\"}}]}<\/script>\n<!-- \/ Yoast SEO plugin. -->","yoast_head_json":{"title":"Our services - Gynecologue Saint Legier","robots":{"index":"index","follow":"follow","max-snippet":"max-snippet:-1","max-image-preview":"max-image-preview:large","max-video-preview":"max-video-preview:-1"},"canonical":"https:\/\/gynecologue-saint-legier.ch\/en\/our-services\/","og_locale":"en_US","og_type":"article","og_title":"Our services - Gynecologue Saint Legier","og_description":"Services Provided All the following topics concerning obstetrics and gynaecology are taken care of\u00a0 in the practice.Dr Marzano will refer you to the Region\u2019s hospitals and specialized centres for any pathology that cannot be treated in her practice, after an initial assessment. Adolescence \u2022 Menstrual disorders\u2022 Pelvic pain\u2022 Contraception advice\u2022 Sexuality\u2022 Sexually transmitted diseases\u2022 Gynaecological&hellip;&nbsp;Read More &raquo;Our services","og_url":"https:\/\/gynecologue-saint-legier.ch\/en\/our-services\/","og_site_name":"Gynecologue Saint Legier","article_modified_time":"2022-05-08T16:06:03+00:00","og_image":[{"url":"https:\/\/gynecologue-saint-legier.ch\/wp-content\/uploads\/2020\/10\/prestation-ado-pc.png"}],"twitter_card":"summary_large_image","twitter_misc":{"Est. reading time":"2 minutes"},"schema":{"@context":"https:\/\/schema.org","@graph":[{"@type":"WebPage","@id":"https:\/\/gynecologue-saint-legier.ch\/en\/our-services\/","url":"https:\/\/gynecologue-saint-legier.ch\/en\/our-services\/","name":"Our services - Gynecologue Saint Legier","isPartOf":{"@id":"https:\/\/gynecologue-saint-legier.ch\/#website"},"datePublished":"2020-10-30T15:13:50+00:00","dateModified":"2022-05-08T16:06:03+00:00","breadcrumb":{"@id":"https:\/\/gynecologue-saint-legier.ch\/en\/our-services\/#breadcrumb"},"inLanguage":"en-US","potentialAction":[{"@type":"ReadAction","target":["https:\/\/gynecologue-saint-legier.ch\/en\/our-services\/"]}]},{"@type":"BreadcrumbList","@id":"https:\/\/gynecologue-saint-legier.ch\/en\/our-services\/#breadcrumb","itemListElement":[{"@type":"ListItem","position":1,"name":"Accueil","item":"https:\/\/gynecologue-saint-legier.ch\/en\/"},{"@type":"ListItem","position":2,"name":"Our services"}]},{"@type":"WebSite","@id":"https:\/\/gynecologue-saint-legier.ch\/#website","url":"https:\/\/gynecologue-saint-legier.ch\/","name":"Gynecologue Saint Legier","description":"Votre cabinet de gyn\u00e9cologie \u00e0 St. Legier La Chi\u00e9saz","publisher":{"@id":"https:\/\/gynecologue-saint-legier.ch\/#organization"},"potentialAction":[{"@type":"SearchAction","target":{"@type":"EntryPoint","urlTemplate":"https:\/\/gynecologue-saint-legier.ch\/?s={search_term_string}"},"query-input":"required name=search_term_string"}],"inLanguage":"en-US"},{"@type":"Organization","@id":"https:\/\/gynecologue-saint-legier.ch\/#organization","name":"Gynecologue Saint Legier","url":"https:\/\/gynecologue-saint-legier.ch\/","logo":{"@type":"ImageObject","inLanguage":"en-US","@id":"https:\/\/gynecologue-saint-legier.ch\/#\/schema\/logo\/image\/","url":"https:\/\/gynecologue-saint-legier.ch\/wp-content\/uploads\/2020\/10\/cropped-logo-GSL.png","contentUrl":"https:\/\/gynecologue-saint-legier.ch\/wp-content\/uploads\/2020\/10\/cropped-logo-GSL.png","width":500,"height":83,"caption":"Gynecologue Saint Legier"},"image":{"@id":"https:\/\/gynecologue-saint-legier.ch\/#\/schema\/logo\/image\/"}}]}},"_links":{"self":[{"href":"https:\/\/gynecologue-saint-legier.ch\/en\/wp-json\/wp\/v2\/pages\/358"}],"collection":[{"href":"https:\/\/gynecologue-saint-legier.ch\/en\/wp-json\/wp\/v2\/pages"}],"about":[{"href":"https:\/\/gynecologue-saint-legier.ch\/en\/wp-json\/wp\/v2\/types\/page"}],"author":[{"embeddable":true,"href":"https:\/\/gynecologue-saint-legier.ch\/en\/wp-json\/wp\/v2\/users\/2"}],"replies":[{"embeddable":true,"href":"https:\/\/gynecologue-saint-legier.ch\/en\/wp-json\/wp\/v2\/comments?post=358"}],"version-history":[{"count":21,"href":"https:\/\/gynecologue-saint-legier.ch\/en\/wp-json\/wp\/v2\/pages\/358\/revisions"}],"predecessor-version":[{"id":1832,"href":"https:\/\/gynecologue-saint-legier.ch\/en\/wp-json\/wp\/v2\/pages\/358\/revisions\/1832"}],"wp:attachment":[{"href":"https:\/\/gynecologue-saint-legier.ch\/en\/wp-json\/wp\/v2\/media?parent=358"}],"curies":[{"name":"wp","href":"https:\/\/api.w.org\/{rel}","templated":true}]}}