{"id":364,"date":"2020-10-30T17:40:12","date_gmt":"2020-10-30T17:40:12","guid":{"rendered":"https:\/\/gynecologue-saint-legier.ch\/about-us\/"},"modified":"2025-10-10T14:25:46","modified_gmt":"2025-10-10T14:25:46","slug":"about-us","status":"publish","type":"page","link":"https:\/\/gynecologue-saint-legier.ch\/en\/about-us\/","title":{"rendered":"About us"},"content":{"rendered":"\t\t<div data-elementor-type=\"wp-page\" data-elementor-id=\"364\" class=\"elementor elementor-364 elementor-131\" data-elementor-post-type=\"page\">\n\t\t\t\t\t\t\t\t\t<section class=\"elementor-section elementor-top-section elementor-element elementor-element-ac51660 elementor-section-boxed elementor-section-height-default elementor-section-height-default\" data-id=\"ac51660\" data-element_type=\"section\">\n\t\t\t\t\t\t<div class=\"elementor-container elementor-column-gap-default\">\n\t\t\t\t\t<div class=\"elementor-column elementor-col-100 elementor-top-column elementor-element elementor-element-dcac952\" data-id=\"dcac952\" data-element_type=\"column\">\n\t\t\t<div class=\"elementor-widget-wrap elementor-element-populated\">\n\t\t\t\t\t\t\t\t<div class=\"elementor-element elementor-element-34dd964 elementor-widget elementor-widget-heading\" data-id=\"34dd964\" data-element_type=\"widget\" data-widget_type=\"heading.default\">\n\t\t\t\t<div class=\"elementor-widget-container\">\n\t\t\t<h1 class=\"elementor-heading-title elementor-size-default\">About Us<\/h1>\t\t<\/div>\n\t\t\t\t<\/div>\n\t\t\t\t<div class=\"elementor-element elementor-element-2d39f27 elementor-widget elementor-widget-text-editor\" data-id=\"2d39f27\" data-element_type=\"widget\" data-widget_type=\"text-editor.default\">\n\t\t\t\t<div class=\"elementor-widget-container\">\n\t\t\t\t\t\t\t<p style=\"margin-bottom: 20px;\">Dr Marzano has many years of experience in hospital and outpatient settings. She is originally from Italy, where she obtained her medical degree. She then continued her specialty training in obstetrics and gynaecology in several hospitals in the French-speaking part of Switzerland.<\/p><p style=\"margin-bottom: 0px;\">After getting her title of specialist in obstetrics and gynaecology in the \u00a0University Hospital of Lausanne, she worked in the United Kingdom within the NHS (National Health Service) before returning to Switzerland to establish herself in outpatient practice.<\/p>\t\t\t\t\t\t<\/div>\n\t\t\t\t<\/div>\n\t\t\t\t\t<\/div>\n\t\t<\/div>\n\t\t\t\t\t\t\t<\/div>\n\t\t<\/section>\n\t\t\t\t<section class=\"elementor-section elementor-top-section elementor-element elementor-element-28d3dc5 elementor-section-height-min-height elementor-section-items-stretch elementor-section-boxed elementor-section-height-default\" data-id=\"28d3dc5\" data-element_type=\"section\">\n\t\t\t\t\t\t<div class=\"elementor-container elementor-column-gap-default\">\n\t\t\t\t\t<div class=\"elementor-column elementor-col-50 elementor-top-column elementor-element elementor-element-c9d51de\" data-id=\"c9d51de\" data-element_type=\"column\" data-settings=\"{&quot;background_background&quot;:&quot;classic&quot;}\">\n\t\t\t<div class=\"elementor-widget-wrap elementor-element-populated\">\n\t\t\t\t\t\t\t\t<section class=\"elementor-section elementor-inner-section elementor-element elementor-element-11b9e87 elementor-section-boxed elementor-section-height-default elementor-section-height-default\" data-id=\"11b9e87\" data-element_type=\"section\">\n\t\t\t\t\t\t<div class=\"elementor-container elementor-column-gap-default\">\n\t\t\t\t\t<div class=\"elementor-column elementor-col-100 elementor-inner-column elementor-element elementor-element-fece41a\" data-id=\"fece41a\" data-element_type=\"column\">\n\t\t\t<div class=\"elementor-widget-wrap elementor-element-populated\">\n\t\t\t\t\t\t\t\t<div class=\"elementor-element elementor-element-c8c2838 elementor-widget elementor-widget-heading\" data-id=\"c8c2838\" data-element_type=\"widget\" data-widget_type=\"heading.default\">\n\t\t\t\t<div class=\"elementor-widget-container\">\n\t\t\t<h2 class=\"elementor-heading-title elementor-size-default\">Qualifications<\/h2>\t\t<\/div>\n\t\t\t\t<\/div>\n\t\t\t\t<div class=\"elementor-element elementor-element-5eee3fd elementor-widget elementor-widget-text-editor\" data-id=\"5eee3fd\" data-element_type=\"widget\" data-widget_type=\"text-editor.default\">\n\t\t\t\t<div class=\"elementor-widget-container\">\n\t\t\t\t\t\t\t<p style=\"margin-bottom: 10px;\"><strong>2020<\/strong> Menopause Inter-university Diploma (Paris Descartes University, France)<\/p><p style=\"margin-bottom: 10px;\"><strong>2015<\/strong> Specialty in obstetrics and gynecology (Switzerland)<\/p><p style=\"margin-bottom: 10px;\"><strong>2013<\/strong> Inter-university diploma in operative endoscopy in gynaecology (University of Auvergne, France)<\/p><p style=\"margin-bottom: 10px;\"><strong>2006<\/strong> Medicine degree (University of Torino, Italy)<\/p>\t\t\t\t\t\t<\/div>\n\t\t\t\t<\/div>\n\t\t\t\t\t<\/div>\n\t\t<\/div>\n\t\t\t\t\t\t\t<\/div>\n\t\t<\/section>\n\t\t\t\t<section class=\"elementor-section elementor-inner-section elementor-element elementor-element-98fdfcb elementor-section-boxed elementor-section-height-default elementor-section-height-default\" data-id=\"98fdfcb\" data-element_type=\"section\">\n\t\t\t\t\t\t<div class=\"elementor-container elementor-column-gap-default\">\n\t\t\t\t\t<div class=\"elementor-column elementor-col-100 elementor-inner-column elementor-element elementor-element-6964e52\" data-id=\"6964e52\" data-element_type=\"column\">\n\t\t\t<div class=\"elementor-widget-wrap elementor-element-populated\">\n\t\t\t\t\t\t\t\t<div class=\"elementor-element elementor-element-296aede elementor-widget elementor-widget-heading\" data-id=\"296aede\" data-element_type=\"widget\" data-widget_type=\"heading.default\">\n\t\t\t\t<div class=\"elementor-widget-container\">\n\t\t\t<h2 class=\"elementor-heading-title elementor-size-default\">Specialist doctor in Switzerland<\/h2>\t\t<\/div>\n\t\t\t\t<\/div>\n\t\t\t\t<div class=\"elementor-element elementor-element-5da8abd elementor-widget elementor-widget-text-editor\" data-id=\"5da8abd\" data-element_type=\"widget\" data-widget_type=\"text-editor.default\">\n\t\t\t\t<div class=\"elementor-widget-container\">\n\t\t\t\t\t\t\t<p style=\"margin-bottom: 10px;\"><strong>2018-2020<\/strong> Private practice obstetrics and gynaecology Yverdon-Les-Bains<\/p>\n<p style=\"margin-bottom: 10px;\"><strong>2017-2018<\/strong> Private practice obstetrics and gynaecology Vevey<\/p>\n\t\t\t\t\t\t<\/div>\n\t\t\t\t<\/div>\n\t\t\t\t\t<\/div>\n\t\t<\/div>\n\t\t\t\t\t\t\t<\/div>\n\t\t<\/section>\n\t\t\t\t<section class=\"elementor-section elementor-inner-section elementor-element elementor-element-4b6d617 elementor-section-boxed elementor-section-height-default elementor-section-height-default\" data-id=\"4b6d617\" data-element_type=\"section\">\n\t\t\t\t\t\t<div class=\"elementor-container elementor-column-gap-default\">\n\t\t\t\t\t<div class=\"elementor-column elementor-col-100 elementor-inner-column elementor-element elementor-element-08552b7\" data-id=\"08552b7\" data-element_type=\"column\">\n\t\t\t<div class=\"elementor-widget-wrap elementor-element-populated\">\n\t\t\t\t\t\t\t\t<div class=\"elementor-element elementor-element-6d433d7 elementor-widget elementor-widget-heading\" data-id=\"6d433d7\" data-element_type=\"widget\" data-widget_type=\"heading.default\">\n\t\t\t\t<div class=\"elementor-widget-container\">\n\t\t\t<h2 class=\"elementor-heading-title elementor-size-default\">Specialist doctor in United Kingdom<\/h2>\t\t<\/div>\n\t\t\t\t<\/div>\n\t\t\t\t<div class=\"elementor-element elementor-element-8ac4d79 elementor-widget elementor-widget-text-editor\" data-id=\"8ac4d79\" data-element_type=\"widget\" data-widget_type=\"text-editor.default\">\n\t\t\t\t<div class=\"elementor-widget-container\">\n\t\t\t\t\t\t\t<p style=\"margin-bottom: 10px;\"><strong>2017<\/strong> Specialty doctor- Barnstaple- Devon England- Service de gyn\u00e9cologie et obst\u00e9trique<\/p>\n<p style=\"margin-bottom: 10px;\"><strong>2015-2016<\/strong> Clinical Fellow- Newport- Pays de Galles &#8211; Service de gyn\u00e9cologie et obst\u00e9trique<\/p>\n\t\t\t\t\t\t<\/div>\n\t\t\t\t<\/div>\n\t\t\t\t\t<\/div>\n\t\t<\/div>\n\t\t\t\t\t\t\t<\/div>\n\t\t<\/section>\n\t\t\t\t<section class=\"elementor-section elementor-inner-section elementor-element elementor-element-7d8cd96 elementor-section-boxed elementor-section-height-default elementor-section-height-default\" data-id=\"7d8cd96\" data-element_type=\"section\">\n\t\t\t\t\t\t<div class=\"elementor-container elementor-column-gap-default\">\n\t\t\t\t\t<div class=\"elementor-column elementor-col-100 elementor-inner-column elementor-element elementor-element-bd8f45f\" data-id=\"bd8f45f\" data-element_type=\"column\">\n\t\t\t<div class=\"elementor-widget-wrap elementor-element-populated\">\n\t\t\t\t\t\t\t\t<div class=\"elementor-element elementor-element-055c5c2 elementor-widget elementor-widget-heading\" data-id=\"055c5c2\" data-element_type=\"widget\" data-widget_type=\"heading.default\">\n\t\t\t\t<div class=\"elementor-widget-container\">\n\t\t\t<h2 class=\"elementor-heading-title elementor-size-default\">Specialty training in Switzerland<\/h2>\t\t<\/div>\n\t\t\t\t<\/div>\n\t\t\t\t<div class=\"elementor-element elementor-element-3feb7db elementor-widget elementor-widget-text-editor\" data-id=\"3feb7db\" data-element_type=\"widget\" data-widget_type=\"text-editor.default\">\n\t\t\t\t<div class=\"elementor-widget-container\">\n\t\t\t\t\t\t\t<p style=\"margin-bottom: 10px;\"><strong>2013-2015<\/strong>  CHUV &#8211; Lausanne-Obstetrics and gynaecology department<\/p>\n<p style=\"margin-bottom: 10px;\"><strong>2013<\/strong>  \u201cRiviera\u201d Hospital Samaritain-Vevey &#8211; Obstetrics and Gynaecology department<\/p>\n<p style=\"margin-bottom: 10px;\"><strong>2012-2013<\/strong> Private practice &#8211; Vevey &#8211; Obstetrics and gynaecology department<\/p>\n<p style=\"margin-bottom: 10px;\"><strong>2010-1012<\/strong> Ensemble  hospitalier de  la C\u00f4te (EHC) &#8211; Morges &#8211; Obstetrics and Gynaecology department<\/p>\n<p style=\"margin-bottom: 10px;\"><strong>2009-2010<\/strong> H\u00f4pital de la Broye (HIB) &#8211; Payerne &#8211; Obstetrics and gynaecology department<\/p>\n<p style=\"margin-bottom: 10px;\"><strong>2008-2009<\/strong> Cantonal Hospital of Valais -Sion- General Surgery Department<\/p>\n<p style=\"margin-bottom: 10px;\"><strong>2007-2008<\/strong> \u201cRiviera\u201d Hospital -Montreux- General Surgery Department<\/p>\n\t\t\t\t\t\t<\/div>\n\t\t\t\t<\/div>\n\t\t\t\t\t<\/div>\n\t\t<\/div>\n\t\t\t\t\t\t\t<\/div>\n\t\t<\/section>\n\t\t\t\t\t<\/div>\n\t\t<\/div>\n\t\t\t\t<div class=\"elementor-column elementor-col-50 elementor-top-column elementor-element elementor-element-17d4587\" data-id=\"17d4587\" data-element_type=\"column\" data-settings=\"{&quot;background_background&quot;:&quot;classic&quot;}\">\n\t\t\t<div class=\"elementor-widget-wrap\">\n\t\t\t\t\t\t\t\t\t<\/div>\n\t\t<\/div>\n\t\t\t\t\t\t\t<\/div>\n\t\t<\/section>\n\t\t\t\t<section class=\"elementor-section elementor-top-section elementor-element elementor-element-ae4702c elementor-section-boxed elementor-section-height-default elementor-section-height-default\" data-id=\"ae4702c\" data-element_type=\"section\">\n\t\t\t\t\t\t<div class=\"elementor-container elementor-column-gap-default\">\n\t\t\t\t\t<div class=\"elementor-column elementor-col-100 elementor-top-column elementor-element elementor-element-2cda1da\" data-id=\"2cda1da\" data-element_type=\"column\">\n\t\t\t<div class=\"elementor-widget-wrap elementor-element-populated\">\n\t\t\t\t\t\t\t\t<div class=\"elementor-element elementor-element-1edf7d1 elementor-widget elementor-widget-spacer\" data-id=\"1edf7d1\" data-element_type=\"widget\" data-widget_type=\"spacer.default\">\n\t\t\t\t<div class=\"elementor-widget-container\">\n\t\t\t\t\t<div class=\"elementor-spacer\">\n\t\t\t<div class=\"elementor-spacer-inner\"><\/div>\n\t\t<\/div>\n\t\t\t\t<\/div>\n\t\t\t\t<\/div>\n\t\t\t\t\t<\/div>\n\t\t<\/div>\n\t\t\t\t\t\t\t<\/div>\n\t\t<\/section>\n\t\t\t\t\t\t\t<\/div>\n\t\t","protected":false},"excerpt":{"rendered":"<p>About Us Dr Marzano has many years of experience in hospital and outpatient settings. She is originally from Italy, where she obtained her medical degree. She then continued her specialty training in obstetrics and gynaecology in several hospitals in the French-speaking part of Switzerland. After getting her title of specialist in obstetrics and gynaecology in&hellip;&nbsp;<a href=\"https:\/\/gynecologue-saint-legier.ch\/en\/about-us\/\" class=\"\" rel=\"bookmark\">Read More &raquo;<span class=\"screen-reader-text\">About us<\/span><\/a><\/p>\n","protected":false},"author":2,"featured_media":0,"parent":0,"menu_order":0,"comment_status":"closed","ping_status":"closed","template":"","meta":{"neve_meta_sidebar":"full-width","neve_meta_container":"","neve_meta_enable_content_width":"on","neve_meta_content_width":100,"neve_meta_title_alignment":"","neve_meta_author_avatar":"","neve_post_elements_order":"","neve_meta_disable_header":"","neve_meta_disable_footer":"","neve_meta_disable_title":"on","footnotes":""},"yoast_head":"<!-- This site is optimized with the Yoast SEO plugin v21.1 - https:\/\/yoast.com\/wordpress\/plugins\/seo\/ -->\n<title>About us - Gynecologue Saint Legier<\/title>\n<meta name=\"robots\" content=\"index, follow, max-snippet:-1, max-image-preview:large, max-video-preview:-1\" \/>\n<link rel=\"canonical\" href=\"https:\/\/gynecologue-saint-legier.ch\/a-propos-drsse-erika-marzano\/\" \/>\n<meta property=\"og:locale\" content=\"en_US\" \/>\n<meta property=\"og:type\" content=\"article\" \/>\n<meta property=\"og:title\" content=\"About us - Gynecologue Saint Legier\" \/>\n<meta property=\"og:description\" content=\"About Us Dr Marzano has many years of experience in hospital and outpatient settings. She is originally from Italy, where she obtained her medical degree. She then continued her specialty training in obstetrics and gynaecology in several hospitals in the French-speaking part of Switzerland. After getting her title of specialist in obstetrics and gynaecology in&hellip;&nbsp;Read More &raquo;About us\" \/>\n<meta property=\"og:url\" content=\"https:\/\/gynecologue-saint-legier.ch\/a-propos-drsse-erika-marzano\/\" \/>\n<meta property=\"og:site_name\" content=\"Gynecologue Saint Legier\" \/>\n<meta property=\"article:modified_time\" content=\"2025-10-10T14:25:46+00:00\" \/>\n<meta name=\"twitter:card\" content=\"summary_large_image\" \/>\n<meta name=\"twitter:label1\" content=\"Est. reading time\" \/>\n\t<meta name=\"twitter:data1\" content=\"1 minute\" \/>\n<script type=\"application\/ld+json\" class=\"yoast-schema-graph\">{\"@context\":\"https:\/\/schema.org\",\"@graph\":[{\"@type\":\"WebPage\",\"@id\":\"https:\/\/gynecologue-saint-legier.ch\/a-propos-drsse-erika-marzano\/\",\"url\":\"https:\/\/gynecologue-saint-legier.ch\/a-propos-drsse-erika-marzano\/\",\"name\":\"About us - Gynecologue Saint Legier\",\"isPartOf\":{\"@id\":\"https:\/\/gynecologue-saint-legier.ch\/#website\"},\"datePublished\":\"2020-10-30T17:40:12+00:00\",\"dateModified\":\"2025-10-10T14:25:46+00:00\",\"breadcrumb\":{\"@id\":\"https:\/\/gynecologue-saint-legier.ch\/a-propos-drsse-erika-marzano\/#breadcrumb\"},\"inLanguage\":\"en-US\",\"potentialAction\":[{\"@type\":\"ReadAction\",\"target\":[\"https:\/\/gynecologue-saint-legier.ch\/a-propos-drsse-erika-marzano\/\"]}]},{\"@type\":\"BreadcrumbList\",\"@id\":\"https:\/\/gynecologue-saint-legier.ch\/a-propos-drsse-erika-marzano\/#breadcrumb\",\"itemListElement\":[{\"@type\":\"ListItem\",\"position\":1,\"name\":\"Accueil\",\"item\":\"https:\/\/gynecologue-saint-legier.ch\/en\/\"},{\"@type\":\"ListItem\",\"position\":2,\"name\":\"About us\"}]},{\"@type\":\"WebSite\",\"@id\":\"https:\/\/gynecologue-saint-legier.ch\/#website\",\"url\":\"https:\/\/gynecologue-saint-legier.ch\/\",\"name\":\"Gynecologue Saint Legier\",\"description\":\"Votre cabinet de gyn\u00e9cologie \u00e0 St. Legier La Chi\u00e9saz\",\"publisher\":{\"@id\":\"https:\/\/gynecologue-saint-legier.ch\/#organization\"},\"potentialAction\":[{\"@type\":\"SearchAction\",\"target\":{\"@type\":\"EntryPoint\",\"urlTemplate\":\"https:\/\/gynecologue-saint-legier.ch\/?s={search_term_string}\"},\"query-input\":\"required name=search_term_string\"}],\"inLanguage\":\"en-US\"},{\"@type\":\"Organization\",\"@id\":\"https:\/\/gynecologue-saint-legier.ch\/#organization\",\"name\":\"Gynecologue Saint Legier\",\"url\":\"https:\/\/gynecologue-saint-legier.ch\/\",\"logo\":{\"@type\":\"ImageObject\",\"inLanguage\":\"en-US\",\"@id\":\"https:\/\/gynecologue-saint-legier.ch\/#\/schema\/logo\/image\/\",\"url\":\"https:\/\/gynecologue-saint-legier.ch\/wp-content\/uploads\/2020\/10\/cropped-logo-GSL.png\",\"contentUrl\":\"https:\/\/gynecologue-saint-legier.ch\/wp-content\/uploads\/2020\/10\/cropped-logo-GSL.png\",\"width\":500,\"height\":83,\"caption\":\"Gynecologue Saint Legier\"},\"image\":{\"@id\":\"https:\/\/gynecologue-saint-legier.ch\/#\/schema\/logo\/image\/\"}}]}<\/script>\n<!-- \/ Yoast SEO plugin. -->","yoast_head_json":{"title":"About us - Gynecologue Saint Legier","robots":{"index":"index","follow":"follow","max-snippet":"max-snippet:-1","max-image-preview":"max-image-preview:large","max-video-preview":"max-video-preview:-1"},"canonical":"https:\/\/gynecologue-saint-legier.ch\/a-propos-drsse-erika-marzano\/","og_locale":"en_US","og_type":"article","og_title":"About us - Gynecologue Saint Legier","og_description":"About Us Dr Marzano has many years of experience in hospital and outpatient settings. She is originally from Italy, where she obtained her medical degree. She then continued her specialty training in obstetrics and gynaecology in several hospitals in the French-speaking part of Switzerland. After getting her title of specialist in obstetrics and gynaecology in&hellip;&nbsp;Read More &raquo;About us","og_url":"https:\/\/gynecologue-saint-legier.ch\/a-propos-drsse-erika-marzano\/","og_site_name":"Gynecologue Saint Legier","article_modified_time":"2025-10-10T14:25:46+00:00","twitter_card":"summary_large_image","twitter_misc":{"Est. reading time":"1 minute"},"schema":{"@context":"https:\/\/schema.org","@graph":[{"@type":"WebPage","@id":"https:\/\/gynecologue-saint-legier.ch\/a-propos-drsse-erika-marzano\/","url":"https:\/\/gynecologue-saint-legier.ch\/a-propos-drsse-erika-marzano\/","name":"About us - Gynecologue Saint Legier","isPartOf":{"@id":"https:\/\/gynecologue-saint-legier.ch\/#website"},"datePublished":"2020-10-30T17:40:12+00:00","dateModified":"2025-10-10T14:25:46+00:00","breadcrumb":{"@id":"https:\/\/gynecologue-saint-legier.ch\/a-propos-drsse-erika-marzano\/#breadcrumb"},"inLanguage":"en-US","potentialAction":[{"@type":"ReadAction","target":["https:\/\/gynecologue-saint-legier.ch\/a-propos-drsse-erika-marzano\/"]}]},{"@type":"BreadcrumbList","@id":"https:\/\/gynecologue-saint-legier.ch\/a-propos-drsse-erika-marzano\/#breadcrumb","itemListElement":[{"@type":"ListItem","position":1,"name":"Accueil","item":"https:\/\/gynecologue-saint-legier.ch\/en\/"},{"@type":"ListItem","position":2,"name":"About us"}]},{"@type":"WebSite","@id":"https:\/\/gynecologue-saint-legier.ch\/#website","url":"https:\/\/gynecologue-saint-legier.ch\/","name":"Gynecologue Saint Legier","description":"Votre cabinet de gyn\u00e9cologie \u00e0 St. Legier La Chi\u00e9saz","publisher":{"@id":"https:\/\/gynecologue-saint-legier.ch\/#organization"},"potentialAction":[{"@type":"SearchAction","target":{"@type":"EntryPoint","urlTemplate":"https:\/\/gynecologue-saint-legier.ch\/?s={search_term_string}"},"query-input":"required name=search_term_string"}],"inLanguage":"en-US"},{"@type":"Organization","@id":"https:\/\/gynecologue-saint-legier.ch\/#organization","name":"Gynecologue Saint Legier","url":"https:\/\/gynecologue-saint-legier.ch\/","logo":{"@type":"ImageObject","inLanguage":"en-US","@id":"https:\/\/gynecologue-saint-legier.ch\/#\/schema\/logo\/image\/","url":"https:\/\/gynecologue-saint-legier.ch\/wp-content\/uploads\/2020\/10\/cropped-logo-GSL.png","contentUrl":"https:\/\/gynecologue-saint-legier.ch\/wp-content\/uploads\/2020\/10\/cropped-logo-GSL.png","width":500,"height":83,"caption":"Gynecologue Saint Legier"},"image":{"@id":"https:\/\/gynecologue-saint-legier.ch\/#\/schema\/logo\/image\/"}}]}},"_links":{"self":[{"href":"https:\/\/gynecologue-saint-legier.ch\/en\/wp-json\/wp\/v2\/pages\/364"}],"collection":[{"href":"https:\/\/gynecologue-saint-legier.ch\/en\/wp-json\/wp\/v2\/pages"}],"about":[{"href":"https:\/\/gynecologue-saint-legier.ch\/en\/wp-json\/wp\/v2\/types\/page"}],"author":[{"embeddable":true,"href":"https:\/\/gynecologue-saint-legier.ch\/en\/wp-json\/wp\/v2\/users\/2"}],"replies":[{"embeddable":true,"href":"https:\/\/gynecologue-saint-legier.ch\/en\/wp-json\/wp\/v2\/comments?post=364"}],"version-history":[{"count":18,"href":"https:\/\/gynecologue-saint-legier.ch\/en\/wp-json\/wp\/v2\/pages\/364\/revisions"}],"predecessor-version":[{"id":2044,"href":"https:\/\/gynecologue-saint-legier.ch\/en\/wp-json\/wp\/v2\/pages\/364\/revisions\/2044"}],"wp:attachment":[{"href":"https:\/\/gynecologue-saint-legier.ch\/en\/wp-json\/wp\/v2\/media?parent=364"}],"curies":[{"name":"wp","href":"https:\/\/api.w.org\/{rel}","templated":true}]}}