{"id":404,"date":"2020-10-30T20:29:52","date_gmt":"2020-10-30T20:29:52","guid":{"rendered":"https:\/\/gynecologue-saint-legier.ch\/home\/"},"modified":"2022-05-08T15:51:30","modified_gmt":"2022-05-08T15:51:30","slug":"home","status":"publish","type":"page","link":"https:\/\/gynecologue-saint-legier.ch\/en\/","title":{"rendered":"Home"},"content":{"rendered":"\t\t<div data-elementor-type=\"wp-page\" data-elementor-id=\"404\" class=\"elementor elementor-404 elementor-2\" data-elementor-post-type=\"page\">\n\t\t\t\t\t\t\t\t\t<section class=\"elementor-section elementor-top-section elementor-element elementor-element-16d646b5 elementor-section-height-min-height elementor-section-boxed elementor-section-height-default elementor-section-items-middle\" data-id=\"16d646b5\" data-element_type=\"section\" data-settings=\"{&quot;background_background&quot;:&quot;classic&quot;}\">\n\t\t\t\t\t\t<div class=\"elementor-container elementor-column-gap-default\">\n\t\t\t\t\t<div class=\"elementor-column elementor-col-50 elementor-top-column elementor-element elementor-element-d6ba84c home-image-pc\" data-id=\"d6ba84c\" data-element_type=\"column\" data-settings=\"{&quot;background_background&quot;:&quot;classic&quot;}\">\n\t\t\t<div class=\"elementor-widget-wrap elementor-element-populated\">\n\t\t\t\t\t\t\t\t<div class=\"elementor-element elementor-element-1353e16 elementor-widget__width-inherit elementor-widget-tablet__width-inherit elementor-widget elementor-widget-image\" data-id=\"1353e16\" data-element_type=\"widget\" data-widget_type=\"image.default\">\n\t\t\t\t<div class=\"elementor-widget-container\">\n\t\t\t\t\t\t\t\t\t\t\t\t\t\t\t<img decoding=\"async\" width=\"675\" height=\"506\" src=\"https:\/\/gynecologue-saint-legier.ch\/wp-content\/uploads\/2020\/11\/photo-cabinet.png\" class=\"attachment-full size-full wp-image-572\" alt=\"cabinet gynecologue saint legier\" srcset=\"https:\/\/gynecologue-saint-legier.ch\/wp-content\/uploads\/2020\/11\/photo-cabinet.png 675w, https:\/\/gynecologue-saint-legier.ch\/wp-content\/uploads\/2020\/11\/photo-cabinet-300x225.png 300w\" sizes=\"(max-width: 675px) 100vw, 675px\" \/>\t\t\t\t\t\t\t\t\t\t\t\t\t\t\t<\/div>\n\t\t\t\t<\/div>\n\t\t\t\t\t<\/div>\n\t\t<\/div>\n\t\t\t\t<div class=\"elementor-column elementor-col-50 elementor-top-column elementor-element elementor-element-50537f3\" data-id=\"50537f3\" data-element_type=\"column\">\n\t\t\t<div class=\"elementor-widget-wrap elementor-element-populated\">\n\t\t\t\t\t\t\t\t<div class=\"elementor-element elementor-element-f0c8e35 elementor-widget elementor-widget-heading\" data-id=\"f0c8e35\" data-element_type=\"widget\" data-widget_type=\"heading.default\">\n\t\t\t\t<div class=\"elementor-widget-container\">\n\t\t\t<h1 class=\"elementor-heading-title elementor-size-default\">Gynaecology practice <br>in St. L\u00e9gier-La-Chi\u00e9saz<\/h1>\t\t<\/div>\n\t\t\t\t<\/div>\n\t\t\t\t<section class=\"elementor-section elementor-inner-section elementor-element elementor-element-fd8d90b elementor-section-full_width elementor-section-height-default elementor-section-height-default\" data-id=\"fd8d90b\" data-element_type=\"section\">\n\t\t\t\t\t\t<div class=\"elementor-container elementor-column-gap-default\">\n\t\t\t\t\t<div class=\"elementor-column elementor-col-100 elementor-inner-column elementor-element elementor-element-074aaa4\" data-id=\"074aaa4\" data-element_type=\"column\">\n\t\t\t<div class=\"elementor-widget-wrap elementor-element-populated\">\n\t\t\t\t\t\t\t\t<div class=\"elementor-element elementor-element-e4b3cd8 elementor-widget elementor-widget-text-editor\" data-id=\"e4b3cd8\" data-element_type=\"widget\" data-widget_type=\"text-editor.default\">\n\t\t\t\t<div class=\"elementor-widget-container\">\n\t\t\t\t\t\t\t<p style=\"margin-bottom: 10px;\">Ideally located, in a brand new building, the Clinic of Dr Marzano, specialist in Obstetrics and Gynaecology, opens its doors in St L\u00e9gier-La-Chi\u00e9saz in December 2020.<\/p><p style=\"margin-bottom: 0px;\">Its practice is uptodate according to current developments in medicine, both in terms of facilities and training. Dr Marzano attaches great importance to provide quality medicine and listening to her patients.<\/p>\t\t\t\t\t\t<\/div>\n\t\t\t\t<\/div>\n\t\t\t\t\t<\/div>\n\t\t<\/div>\n\t\t\t\t\t\t\t<\/div>\n\t\t<\/section>\n\t\t\t\t\t<\/div>\n\t\t<\/div>\n\t\t\t\t\t\t\t<\/div>\n\t\t<\/section>\n\t\t\t\t<section class=\"elementor-section elementor-top-section elementor-element elementor-element-d4f4149 elementor-section-content-middle elementor-section-boxed elementor-section-height-default elementor-section-height-default\" data-id=\"d4f4149\" data-element_type=\"section\">\n\t\t\t\t\t\t<div class=\"elementor-container elementor-column-gap-default\">\n\t\t\t\t\t<div class=\"elementor-column elementor-col-33 elementor-top-column elementor-element elementor-element-b49818d\" data-id=\"b49818d\" data-element_type=\"column\">\n\t\t\t<div class=\"elementor-widget-wrap elementor-element-populated\">\n\t\t\t\t\t\t\t\t<div class=\"elementor-element elementor-element-573ac82 elementor-widget elementor-widget-image\" data-id=\"573ac82\" data-element_type=\"widget\" data-widget_type=\"image.default\">\n\t\t\t\t<div class=\"elementor-widget-container\">\n\t\t\t\t\t\t\t\t\t\t\t\t\t\t\t<img decoding=\"async\" src=\"https:\/\/gynecologue-saint-legier.ch\/wp-content\/uploads\/elementor\/thumbs\/Ellipse-1-p61lgs4763khv1j80racbfonucpsoaybcri3g2th8o.png\" title=\"Drsse Erika Marzano &#8211; Gyn\u00e9cologue Obstr\u00e9tricienne\" alt=\"Drsse Erika Marzano - Gyn\u00e9cologue Obstr\u00e9tricienne\" loading=\"lazy\" \/>\t\t\t\t\t\t\t\t\t\t\t\t\t\t\t<\/div>\n\t\t\t\t<\/div>\n\t\t\t\t\t<\/div>\n\t\t<\/div>\n\t\t\t\t<div class=\"elementor-column elementor-col-66 elementor-top-column elementor-element elementor-element-c4333e7\" data-id=\"c4333e7\" data-element_type=\"column\">\n\t\t\t<div class=\"elementor-widget-wrap elementor-element-populated\">\n\t\t\t\t\t\t\t\t<div class=\"elementor-element elementor-element-bbc22d7 elementor-widget elementor-widget-heading\" data-id=\"bbc22d7\" data-element_type=\"widget\" data-widget_type=\"heading.default\">\n\t\t\t\t<div class=\"elementor-widget-container\">\n\t\t\t<h2 class=\"elementor-heading-title elementor-size-default\">Dr Erika Marzano<\/h2>\t\t<\/div>\n\t\t\t\t<\/div>\n\t\t\t\t<div class=\"elementor-element elementor-element-e3354a9 elementor-widget elementor-widget-heading\" data-id=\"e3354a9\" data-element_type=\"widget\" data-widget_type=\"heading.default\">\n\t\t\t\t<div class=\"elementor-widget-container\">\n\t\t\t<h3 class=\"elementor-heading-title elementor-size-default\">Specialist in Gynaecology and Obstetrics <\/h3>\t\t<\/div>\n\t\t\t\t<\/div>\n\t\t\t\t<div class=\"elementor-element elementor-element-63d5deb elementor-widget elementor-widget-text-editor\" data-id=\"63d5deb\" data-element_type=\"widget\" data-widget_type=\"text-editor.default\">\n\t\t\t\t<div class=\"elementor-widget-container\">\n\t\t\t\t\t\t\t<p>Dr Marzano, specialist in obstetrics and gynaecology, is delighted to welcome you to her practice located in St. L\u00e9gier. Equipped with state of the art technology to assist you with the best possible care, she brings more than a decades experience along with her empathy that allow her to provide you with the best possible advice at every step of your life.<\/p>\n<p>Dr Marzano is fluent in French, Italian, and English.<\/p>\t\t\t\t\t\t<\/div>\n\t\t\t\t<\/div>\n\t\t\t\t\t<\/div>\n\t\t<\/div>\n\t\t\t\t\t\t\t<\/div>\n\t\t<\/section>\n\t\t\t\t\t\t\t<\/div>\n\t\t","protected":false},"excerpt":{"rendered":"<p>Gynaecology practice in St. L\u00e9gier-La-Chi\u00e9saz Ideally located, in a brand new building, the Clinic of Dr Marzano, specialist in Obstetrics and Gynaecology, opens its doors in St L\u00e9gier-La-Chi\u00e9saz in December 2020. Its practice is uptodate according to current developments in medicine, both in terms of facilities and training. Dr Marzano attaches great importance to provide&hellip;&nbsp;<a href=\"https:\/\/gynecologue-saint-legier.ch\/en\/\" class=\"\" rel=\"bookmark\">Read More &raquo;<span class=\"screen-reader-text\">Home<\/span><\/a><\/p>\n","protected":false},"author":2,"featured_media":0,"parent":0,"menu_order":0,"comment_status":"closed","ping_status":"closed","template":"page-templates\/template-pagebuilder-full-width.php","meta":{"neve_meta_sidebar":"default","neve_meta_container":"","neve_meta_enable_content_width":"on","neve_meta_content_width":100,"neve_meta_title_alignment":"","neve_meta_author_avatar":"","neve_post_elements_order":"","neve_meta_disable_header":"","neve_meta_disable_footer":"","neve_meta_disable_title":"on","footnotes":""},"yoast_head":"<!-- This site is optimized with the Yoast SEO plugin v21.1 - https:\/\/yoast.com\/wordpress\/plugins\/seo\/ -->\n<title>Home - Gynecologue Saint Legier<\/title>\n<meta name=\"robots\" content=\"index, follow, max-snippet:-1, max-image-preview:large, max-video-preview:-1\" \/>\n<link rel=\"canonical\" href=\"https:\/\/gynecologue-saint-legier.ch\/en\/\" \/>\n<meta property=\"og:locale\" content=\"en_US\" \/>\n<meta property=\"og:type\" content=\"article\" \/>\n<meta property=\"og:title\" content=\"Home - Gynecologue Saint Legier\" \/>\n<meta property=\"og:description\" content=\"Gynaecology practice in St. L\u00e9gier-La-Chi\u00e9saz Ideally located, in a brand new building, the Clinic of Dr Marzano, specialist in Obstetrics and Gynaecology, opens its doors in St L\u00e9gier-La-Chi\u00e9saz in December 2020. Its practice is uptodate according to current developments in medicine, both in terms of facilities and training. Dr Marzano attaches great importance to provide&hellip;&nbsp;Read More &raquo;Home\" \/>\n<meta property=\"og:url\" content=\"https:\/\/gynecologue-saint-legier.ch\/en\/\" \/>\n<meta property=\"og:site_name\" content=\"Gynecologue Saint Legier\" \/>\n<meta property=\"article:modified_time\" content=\"2022-05-08T15:51:30+00:00\" \/>\n<meta property=\"og:image\" content=\"https:\/\/gynecologue-saint-legier.ch\/wp-content\/uploads\/2020\/11\/photo-cabinet.png\" \/>\n<meta name=\"twitter:card\" content=\"summary_large_image\" \/>\n<meta name=\"twitter:label1\" content=\"Est. reading time\" \/>\n\t<meta name=\"twitter:data1\" content=\"2 minutes\" \/>\n<script type=\"application\/ld+json\" class=\"yoast-schema-graph\">{\"@context\":\"https:\/\/schema.org\",\"@graph\":[{\"@type\":\"WebPage\",\"@id\":\"https:\/\/gynecologue-saint-legier.ch\/en\/\",\"url\":\"https:\/\/gynecologue-saint-legier.ch\/en\/\",\"name\":\"Home - Gynecologue Saint Legier\",\"isPartOf\":{\"@id\":\"https:\/\/gynecologue-saint-legier.ch\/#website\"},\"datePublished\":\"2020-10-30T20:29:52+00:00\",\"dateModified\":\"2022-05-08T15:51:30+00:00\",\"breadcrumb\":{\"@id\":\"https:\/\/gynecologue-saint-legier.ch\/en\/#breadcrumb\"},\"inLanguage\":\"en-US\",\"potentialAction\":[{\"@type\":\"ReadAction\",\"target\":[\"https:\/\/gynecologue-saint-legier.ch\/en\/\"]}]},{\"@type\":\"BreadcrumbList\",\"@id\":\"https:\/\/gynecologue-saint-legier.ch\/en\/#breadcrumb\",\"itemListElement\":[{\"@type\":\"ListItem\",\"position\":1,\"name\":\"Accueil\",\"item\":\"https:\/\/gynecologue-saint-legier.ch\/en\/\"},{\"@type\":\"ListItem\",\"position\":2,\"name\":\"Home\"}]},{\"@type\":\"WebSite\",\"@id\":\"https:\/\/gynecologue-saint-legier.ch\/#website\",\"url\":\"https:\/\/gynecologue-saint-legier.ch\/\",\"name\":\"Gynecologue Saint Legier\",\"description\":\"Votre cabinet de gyn\u00e9cologie \u00e0 St. Legier La Chi\u00e9saz\",\"publisher\":{\"@id\":\"https:\/\/gynecologue-saint-legier.ch\/#organization\"},\"potentialAction\":[{\"@type\":\"SearchAction\",\"target\":{\"@type\":\"EntryPoint\",\"urlTemplate\":\"https:\/\/gynecologue-saint-legier.ch\/?s={search_term_string}\"},\"query-input\":\"required name=search_term_string\"}],\"inLanguage\":\"en-US\"},{\"@type\":\"Organization\",\"@id\":\"https:\/\/gynecologue-saint-legier.ch\/#organization\",\"name\":\"Gynecologue Saint Legier\",\"url\":\"https:\/\/gynecologue-saint-legier.ch\/\",\"logo\":{\"@type\":\"ImageObject\",\"inLanguage\":\"en-US\",\"@id\":\"https:\/\/gynecologue-saint-legier.ch\/#\/schema\/logo\/image\/\",\"url\":\"https:\/\/gynecologue-saint-legier.ch\/wp-content\/uploads\/2020\/10\/cropped-logo-GSL.png\",\"contentUrl\":\"https:\/\/gynecologue-saint-legier.ch\/wp-content\/uploads\/2020\/10\/cropped-logo-GSL.png\",\"width\":500,\"height\":83,\"caption\":\"Gynecologue Saint Legier\"},\"image\":{\"@id\":\"https:\/\/gynecologue-saint-legier.ch\/#\/schema\/logo\/image\/\"}}]}<\/script>\n<!-- \/ Yoast SEO plugin. -->","yoast_head_json":{"title":"Home - Gynecologue Saint Legier","robots":{"index":"index","follow":"follow","max-snippet":"max-snippet:-1","max-image-preview":"max-image-preview:large","max-video-preview":"max-video-preview:-1"},"canonical":"https:\/\/gynecologue-saint-legier.ch\/en\/","og_locale":"en_US","og_type":"article","og_title":"Home - Gynecologue Saint Legier","og_description":"Gynaecology practice in St. L\u00e9gier-La-Chi\u00e9saz Ideally located, in a brand new building, the Clinic of Dr Marzano, specialist in Obstetrics and Gynaecology, opens its doors in St L\u00e9gier-La-Chi\u00e9saz in December 2020. Its practice is uptodate according to current developments in medicine, both in terms of facilities and training. Dr Marzano attaches great importance to provide&hellip;&nbsp;Read More &raquo;Home","og_url":"https:\/\/gynecologue-saint-legier.ch\/en\/","og_site_name":"Gynecologue Saint Legier","article_modified_time":"2022-05-08T15:51:30+00:00","og_image":[{"url":"https:\/\/gynecologue-saint-legier.ch\/wp-content\/uploads\/2020\/11\/photo-cabinet.png"}],"twitter_card":"summary_large_image","twitter_misc":{"Est. reading time":"2 minutes"},"schema":{"@context":"https:\/\/schema.org","@graph":[{"@type":"WebPage","@id":"https:\/\/gynecologue-saint-legier.ch\/en\/","url":"https:\/\/gynecologue-saint-legier.ch\/en\/","name":"Home - Gynecologue Saint Legier","isPartOf":{"@id":"https:\/\/gynecologue-saint-legier.ch\/#website"},"datePublished":"2020-10-30T20:29:52+00:00","dateModified":"2022-05-08T15:51:30+00:00","breadcrumb":{"@id":"https:\/\/gynecologue-saint-legier.ch\/en\/#breadcrumb"},"inLanguage":"en-US","potentialAction":[{"@type":"ReadAction","target":["https:\/\/gynecologue-saint-legier.ch\/en\/"]}]},{"@type":"BreadcrumbList","@id":"https:\/\/gynecologue-saint-legier.ch\/en\/#breadcrumb","itemListElement":[{"@type":"ListItem","position":1,"name":"Accueil","item":"https:\/\/gynecologue-saint-legier.ch\/en\/"},{"@type":"ListItem","position":2,"name":"Home"}]},{"@type":"WebSite","@id":"https:\/\/gynecologue-saint-legier.ch\/#website","url":"https:\/\/gynecologue-saint-legier.ch\/","name":"Gynecologue Saint Legier","description":"Votre cabinet de gyn\u00e9cologie \u00e0 St. Legier La Chi\u00e9saz","publisher":{"@id":"https:\/\/gynecologue-saint-legier.ch\/#organization"},"potentialAction":[{"@type":"SearchAction","target":{"@type":"EntryPoint","urlTemplate":"https:\/\/gynecologue-saint-legier.ch\/?s={search_term_string}"},"query-input":"required name=search_term_string"}],"inLanguage":"en-US"},{"@type":"Organization","@id":"https:\/\/gynecologue-saint-legier.ch\/#organization","name":"Gynecologue Saint Legier","url":"https:\/\/gynecologue-saint-legier.ch\/","logo":{"@type":"ImageObject","inLanguage":"en-US","@id":"https:\/\/gynecologue-saint-legier.ch\/#\/schema\/logo\/image\/","url":"https:\/\/gynecologue-saint-legier.ch\/wp-content\/uploads\/2020\/10\/cropped-logo-GSL.png","contentUrl":"https:\/\/gynecologue-saint-legier.ch\/wp-content\/uploads\/2020\/10\/cropped-logo-GSL.png","width":500,"height":83,"caption":"Gynecologue Saint Legier"},"image":{"@id":"https:\/\/gynecologue-saint-legier.ch\/#\/schema\/logo\/image\/"}}]}},"_links":{"self":[{"href":"https:\/\/gynecologue-saint-legier.ch\/en\/wp-json\/wp\/v2\/pages\/404"}],"collection":[{"href":"https:\/\/gynecologue-saint-legier.ch\/en\/wp-json\/wp\/v2\/pages"}],"about":[{"href":"https:\/\/gynecologue-saint-legier.ch\/en\/wp-json\/wp\/v2\/types\/page"}],"author":[{"embeddable":true,"href":"https:\/\/gynecologue-saint-legier.ch\/en\/wp-json\/wp\/v2\/users\/2"}],"replies":[{"embeddable":true,"href":"https:\/\/gynecologue-saint-legier.ch\/en\/wp-json\/wp\/v2\/comments?post=404"}],"version-history":[{"count":40,"href":"https:\/\/gynecologue-saint-legier.ch\/en\/wp-json\/wp\/v2\/pages\/404\/revisions"}],"predecessor-version":[{"id":1826,"href":"https:\/\/gynecologue-saint-legier.ch\/en\/wp-json\/wp\/v2\/pages\/404\/revisions\/1826"}],"wp:attachment":[{"href":"https:\/\/gynecologue-saint-legier.ch\/en\/wp-json\/wp\/v2\/media?parent=404"}],"curies":[{"name":"wp","href":"https:\/\/api.w.org\/{rel}","templated":true}]}}